{"id":837,"date":"2021-03-26T10:41:27","date_gmt":"2021-03-26T10:41:27","guid":{"rendered":"http:\/\/a2forma.pl\/privacy-policy\/"},"modified":"2021-03-26T10:41:27","modified_gmt":"2021-03-26T10:41:27","slug":"privacy-policy","status":"publish","type":"page","link":"https:\/\/a2forma.pl\/en\/privacy-policy\/","title":{"rendered":"privacy policy"},"content":{"rendered":"<p style=\"text-align: justify;\">\n\tNiniejsza Polityka Prywatno\u015bci okre\u015bla zasady przechowywania i dost\u0119pu do informacji na urz\u0105dzeniach U\u017cytkownika za pomoc\u0105 plik&oacute;w Cookies, s\u0142u\u017c\u0105cych realizacji us\u0142ug \u015bwiadczonych drog\u0105 elektroniczn\u0105 \u017c\u0105danych przez U\u017cytkownika, przez a2forma Pracownia Projektowa Alina Dyjak.\n<\/p>\n<p style=\"text-align: justify;\">\n\tI. Definicje\n<\/p>\n<ol>\n<li style=\"text-align: justify;\">\n\t\tAdministrator &#8211; oznacza a2forma Pracownia Projektowa Alina Dyjak z siedzib\u0105 w Krakowie (30-109), ul. Salwatorska 14, nr NIP 6772260537, nr REGON 120877397, kt&oacute;ry \u015bwiadczy us\u0142ugi drog\u0105 elektroniczn\u0105 oraz przechowuje i uzyskuje dost\u0119p do informacji w urz\u0105dzeniach U\u017cytkownika.\n\t<\/li>\n<li style=\"text-align: justify;\">\n\t\tCookies &#8211; oznacza dane informatyczne, w szczeg&oacute;lno\u015bci niewielkie pliki tekstowe, zapisywane i przechowywane na urz\u0105dzeniach za po\u015brednictwem kt&oacute;rych U\u017cytkownik korzysta ze stron internetowych Serwisu.\n\t<\/li>\n<li style=\"text-align: justify;\">\n\t\tCookies Administratora &#8211; oznacza Cookies zamieszczane przez Administratora, zwi\u0105zane ze \u015bwiadczeniem us\u0142ug droga elektroniczn\u0105 przez Administratora za po\u015brednictwem Serwisu.\n\t<\/li>\n<li style=\"text-align: justify;\">\n\t\tCookies Zewn\u0119trzne &#8211; oznacza Cookies zamieszczane przez partner&oacute;w Administratora, za po\u015brednictwem strony internetowej Serwisu.\n\t<\/li>\n<li style=\"text-align: justify;\">\n\t\tSerwis &#8211; oznacza stron\u0119 internetow\u0105, pod kt&oacute;r\u0105 Administrator prowadzi serwis internetowy, dzia\u0142aj\u0105c\u0105 w domenie a2forma.pl.\n\t<\/li>\n<li style=\"text-align: justify;\">\n\t\tUrz\u0105dzenie &#8211; oznacza elektroniczne urz\u0105dzenie za po\u015brednictwem, kt&oacute;rego U\u017cytkownik uzyskuje dost\u0119p do Serwisu.\n\t<\/li>\n<li style=\"text-align: justify;\">\n\t\tU\u017cytkownik &#8211; oznacza podmiot, na rzecz kt&oacute;rego zgodnie z Regulaminem i przepisami prawa mog\u0105 by\u0107 \u015bwiadczone us\u0142ugi drog\u0105 elektroniczn\u0105 lub z kt&oacute;rym zawarta mo\u017ce by\u0107 Umowa o \u015bwiadczenie us\u0142ug drog\u0105 elektroniczn\u0105.\n\t<\/li>\n<\/ol>\n<p style=\"text-align: justify;\">\n\tII. Rodzaje wykorzystywanych Cookies\n<\/p>\n<ol>\n<li style=\"text-align: justify;\">\n\t\tStosowane przez Administratora Cookies s\u0105 bezpieczne dla Urz\u0105dzenia U\u017cytkownika. W szczeg&oacute;lno\u015bci t\u0105 drog\u0105 nie jest mo\u017cliwe przedostanie si\u0119 do Urz\u0105dze\u0144 U\u017cytkownik&oacute;w wirus&oacute;w lub innego niechcianego oprogramowania lub oprogramowania z\u0142o\u015bliwego. Pliki te pozwalaj\u0105 zidentyfikowa\u0107 oprogramowanie wykorzystywane przez U\u017cytkownika i dostosowa\u0107 Serwis indywidualnie ka\u017cdemu U\u017cytkownikowi. Cookies zazwyczaj zawieraj\u0105 nazw\u0119 domeny z kt&oacute;rej pochodz\u0105, czas przechowywania ich na Urz\u0105dzeniu oraz przypisan\u0105 warto\u015b\u0107.\n\t<\/li>\n<li style=\"text-align: justify;\">\n\t\tAdministrator wykorzystuje dwa typy plik&oacute;w cookies:<br \/>\n\t\ta. Cookies sesyjne: s\u0105 przechowywane na Urz\u0105dzeniu U\u017cytkownika i pozostaj\u0105 tam do momentu zako\u0144czenia sesji danej przegl\u0105darki. Zapisane informacje s\u0105 w&oacute;wczas trwale usuwane z pami\u0119ci Urz\u0105dzenia. Mechanizm cookies sesyjnych nie pozwala na pobieranie jakichkolwiek danych osobowych ani \u017cadnych informacji poufnych z Urz\u0105dzenia U\u017cytkownika. \u200b<br \/>\n\t\tb. Cookies trwa\u0142e: s\u0105 przechowywane na Urz\u0105dzeniu U\u017cytkownika i pozostaj\u0105 tam do momentu ich skasowania. Zako\u0144czenie sesji danej przegl\u0105darki lub wy\u0142\u0105czenie Urz\u0105dzenia nie powoduje ich usuni\u0119cia z Urz\u0105dzenia U\u017cytkownika. Mechanizm cookies trwa\u0142ych nie pozwala na pobieranie jakichkolwiek danych osobowych ani \u017cadnych informacji poufnych z Urz\u0105dzenia U\u017cytkownika.&nbsp;\n\t<\/li>\n<li>\n\t\tU\u017cytkownik ma mo\u017cliwo\u015b\u0107 ograniczenia lub wy\u0142\u0105czenia dost\u0119pu plik&oacute;w cookies do swojego Urz\u0105dzenia. W przypadku skorzystania z tej opcji korzystanie ze Serwisu b\u0119dzie mo\u017cliwe, poza funkcjami, kt&oacute;re ze swojej natury wymagaj\u0105 plik&oacute;w cookies.\n\t<\/li>\n<\/ol>\n<p style=\"text-align: justify;\">\n\tIII. Cele w jakich wykorzystywane s\u0105 Cookies\n<\/p>\n<ol>\n<li style=\"text-align: justify;\">\n\t\tAdministrator wykorzystuje Cookies W\u0142asne w nast\u0119puj\u0105cych celach:<br \/>\n\t\ta. Konfiguracji serwisu<br \/>\n\t\ti) dostosowania zawarto\u015bci stron internetowych Serwisu do preferencji U\u017cytkownika oraz optymalizacji korzystania ze stron internetowych Serwisu.<br \/>\n\t\tii) rozpoznania urz\u0105dzenia U\u017cytkownika Serwisu oraz jego lokalizacj\u0119 i odpowiednio wy\u015bwietlenia strony internetowej, dostosowanej do jego indywidualnych potrzeb;<br \/>\n\t\tiii) zapami\u0119tania ustawie\u0144 wybranych przez U\u017cytkownika i personalizacji interfejsu U\u017cytkownika, np. w zakresie wybranego j\u0119zyka lub regionu, z kt&oacute;rego pochodzi U\u017cytkownik,<br \/>\n\t\tiv) zapami\u0119tania historii odwiedzonych stron w serwisie w celu rekomendacji tre\u015bci,<br \/>\n\t\tv) rozmiaru czcionki, wygl\u0105du strony internetowej itp&#8230;<br \/>\n\t\tb. Uwierzyteniania u\u017cytkownika w serwisie i zapewnienia sesji u\u017cytkownika w serwisie<br \/>\n\t\ti) utrzymania sesji U\u017cytkownika Serwisu (po zalogowaniu), dzi\u0119ki kt&oacute;rej U\u017cytkownik nie musi na ka\u017cdej podstronie Serwisu ponownie wpisywa\u0107 loginu i has\u0142a;<br \/>\n\t\tii) poprawnej konfiguracji wybranych funkcji Serwisu, umo\u017cliwiaj\u0105c w szczeg&oacute;lno\u015bci weryfikacj\u0119 autentyczno\u015bci sesji przegl\u0105darki.<br \/>\n\t\tiii) optymalizacji i zwi\u0119kszenia wydajno\u015bci us\u0142ug \u015bwiadczonych przez Administratora.<br \/>\n\t\tc. Realizacji proces&oacute;w niezb\u0119dnych dla pe\u0142nej funkcjonalno\u015bci stron internetowych<br \/>\n\t\ti) dostosowania zawarto\u015bci stron internetowych Serwisu do preferencji U\u017cytkownika oraz optymalizacji korzystania ze stron internetowych Serwisu. W szczeg&oacute;lno\u015bci pliki te pozwalaj\u0105 rozpozna\u0107 podstawowe parametry Urz\u0105dzenia U\u017cytkownika i odpowiednio wy\u015bwietli\u0107 stron\u0119 internetow\u0105, dostosowan\u0105 do jego indywidualnych potrzeb;<br \/>\n\t\td.&nbsp;Zapami\u0119tania lokalizacji u\u017cytkownika i) poprawnej konfiguracji wybranych funkcji Serwisu, umo\u017cliwiaj\u0105c w szczeg&oacute;lno\u015bci dostosowanie dostarczanych informacji do U\u017cytkownika z uwzgl\u0119dnieniem jego lokalizacji.<br \/>\n\t\te. Analiz i bada\u0144 oraz audytu ogl\u0105dalno\u015bci i) tworzenia anonimowych statystyk, kt&oacute;re pomagaj\u0105 zrozumie\u0107, w jaki spos&oacute;b U\u017cytkownicy Serwisu korzystaj\u0105 ze stron internetowych Serwisu, co umo\u017cliwia ulepszanie ich struktury i zawarto\u015bci;<br \/>\n\t\tf. Zapewnienia bezpiecze\u0144stwa i niezawodno\u015bci serwisu\n\t<\/li>\n<li style=\"text-align: justify;\">\n\t\tAdministrator us\u0142ugi wykorzystuje Cookies Zewn\u0119trzne w nast\u0119puj\u0105cych celach:<br \/>\n\t\ta. zbierania og&oacute;lnych i anonimowych danych statycznych za po\u015brednictwem narz\u0119dzi analitycznych:<br \/>\n\t\ti) Google Analytics [administrator cookies: Google Inc z siedzib\u0105 w USA]\n\t<\/li>\n<\/ol>\n<p style=\"text-align: justify;\">\n\tIV. Mo\u017cliwo\u015bci okre\u015blenia warunk&oacute;w przechowywania lub uzyskiwania dost\u0119pu przez Cookies\n<\/p>\n<ol>\n<li style=\"text-align: justify;\">\n\t\tU\u017cytkownik mo\u017ce samodzielnie i w ka\u017cdym czasie zmieni\u0107 ustawienia dotycz\u0105ce plik&oacute;w Cookies, okre\u015blaj\u0105c warunki ich przechowywania i uzyskiwania dost\u0119pu przez pliki Cookies do Urz\u0105dzenia U\u017cytkownika. Zmiany ustawie\u0144, o kt&oacute;rych mowa w zdaniu poprzednim, U\u017cytkownik mo\u017ce dokona\u0107 za pomoc\u0105 ustawie\u0144 przegl\u0105darki internetowej lub za pomoc\u0105 konfiguracji us\u0142ugi. Ustawienia te mog\u0105 zosta\u0107 zmienione w szczeg&oacute;lno\u015bci w taki spos&oacute;b, aby blokowa\u0107 automatyczn\u0105 obs\u0142ug\u0119 plik&oacute;w cookies w ustawieniach przegl\u0105darki internetowej b\u0105d\u017a informowa\u0107 o ich ka\u017cdorazowym zamieszczeniu Cookies na urz\u0105dzeniu U\u017cytkownika. Szczeg&oacute;\u0142owe informacje o mo\u017cliwo\u015bci i sposobach obs\u0142ugi plik&oacute;w cookies dost\u0119pne s\u0105 w ustawieniach oprogramowania (przegl\u0105darki internetowej).\n\t<\/li>\n<li style=\"text-align: justify;\">\n\t\t\u200bU\u017cytkownik mo\u017ce w ka\u017cdej chwili usun\u0105\u0107 pliki Cookies korzystaj\u0105c z dost\u0119pnych funkcji w przegl\u0105darce internetowej, kt&oacute;rej u\u017cywa.\n\t<\/li>\n<li style=\"text-align: justify;\">\n\t\tOgraniczenie stosowania plik&oacute;w Cookies, mo\u017ce wp\u0142yn\u0105\u0107 na niekt&oacute;re funkcjonalno\u015bci dost\u0119pne na stronie internetowej Serwisu.\n\t<\/li>\n<\/ol>\n","protected":false},"excerpt":{"rendered":"<p>Niniejsza Polityka Prywatno\u015bci okre\u015bla zasady przechowywania i dost\u0119pu do informacji na urz\u0105dzeniach U\u017cytkownika za pomoc\u0105 plik&oacute;w Cookies, s\u0142u\u017c\u0105cych realizacji us\u0142ug \u015bwiadczonych drog\u0105 elektroniczn\u0105 \u017c\u0105danych przez U\u017cytkownika, przez a2forma Pracownia Projektowa Alina Dyjak. I. Definicje Administrator &#8211; oznacza a2forma Pracownia Projektowa Alina Dyjak z siedzib\u0105 w Krakowie (30-109), ul. Salwatorska 14, nr NIP 6772260537, nr REGON [&hellip;]<\/p>\n","protected":false},"author":3,"featured_media":0,"parent":0,"menu_order":0,"comment_status":"closed","ping_status":"closed","template":"","meta":[],"_links":{"self":[{"href":"https:\/\/a2forma.pl\/en\/wp-json\/wp\/v2\/pages\/837"}],"collection":[{"href":"https:\/\/a2forma.pl\/en\/wp-json\/wp\/v2\/pages"}],"about":[{"href":"https:\/\/a2forma.pl\/en\/wp-json\/wp\/v2\/types\/page"}],"author":[{"embeddable":true,"href":"https:\/\/a2forma.pl\/en\/wp-json\/wp\/v2\/users\/3"}],"replies":[{"embeddable":true,"href":"https:\/\/a2forma.pl\/en\/wp-json\/wp\/v2\/comments?post=837"}],"version-history":[{"count":0,"href":"https:\/\/a2forma.pl\/en\/wp-json\/wp\/v2\/pages\/837\/revisions"}],"wp:attachment":[{"href":"https:\/\/a2forma.pl\/en\/wp-json\/wp\/v2\/media?parent=837"}],"curies":[{"name":"wp","href":"https:\/\/api.w.org\/{rel}","templated":true}]}}